{"id":136,"date":"2021-08-24T10:01:27","date_gmt":"2021-08-24T10:01:27","guid":{"rendered":"https:\/\/tervakoskenautokorjaamo.fi\/?page_id=136"},"modified":"2021-09-02T11:48:02","modified_gmt":"2021-09-02T11:48:02","slug":"tietosuojaseloste","status":"publish","type":"page","link":"https:\/\/tervakoskenautokorjaamo.fi\/?page_id=136","title":{"rendered":"Tietosuojaseloste"},"content":{"rendered":"\t\t<div data-elementor-type=\"wp-page\" data-elementor-id=\"136\" class=\"elementor elementor-136\">\n\t\t\t\t\t\t\t\t\t<section class=\"elementor-section elementor-top-section elementor-element elementor-element-6ec4774b elementor-section-boxed elementor-section-height-default elementor-section-height-default\" data-id=\"6ec4774b\" data-element_type=\"section\">\n\t\t\t\t\t\t<div class=\"elementor-container elementor-column-gap-default\">\n\t\t\t\t\t<div class=\"elementor-column elementor-col-100 elementor-top-column elementor-element elementor-element-4edb4fe9\" data-id=\"4edb4fe9\" data-element_type=\"column\">\n\t\t\t<div class=\"elementor-widget-wrap elementor-element-populated\">\n\t\t\t\t\t\t\t\t<div class=\"elementor-element elementor-element-2e2eb542 elementor-widget elementor-widget-text-editor\" data-id=\"2e2eb542\" data-element_type=\"widget\" data-widget_type=\"text-editor.default\">\n\t\t\t\t<div class=\"elementor-widget-container\">\n\t\t\t\t\t\t\t<h3><strong>TIETOSUOJASELOSTE<\/strong><\/h3>\n<p><strong>Tervakosken Autokorjaamon tietosuojaseloste<\/strong><\/p>\n<p>Verkkosivustomme osoite on: https:\/\/tervakoskenautokorjaamo.fi.<\/p>\n<p><strong>Mit\u00e4 henkil\u00f6tietoja Tervakosken Autokorjaamo ker\u00e4\u00e4?<\/strong><\/p>\n<p>Henkil\u00f6tietojasi voidaan ker\u00e4t\u00e4 eri tavoin. Kuluttajia koskevat henkil\u00f6tiedot saamme kuluttajilta itselt\u00e4\u00e4n tai julkisesta rekisterist\u00e4 kuten Trafilta. Yritysasiakkaita koskevat henkil\u00f6tiedot saamme henkil\u00f6ilt\u00e4 itselt\u00e4\u00e4n.<\/p>\n<p><strong>Henkil\u00f6asiakkailta ker\u00e4tt\u00e4v\u00e4t tiedot:<\/strong><\/p>\n<p>Asiakkaan yhteystiedot<\/p>\n<ul>\n<li>Nimi, osoite, puhelinnumero ja s\u00e4hk\u00f6postiosoite<\/li>\n<\/ul>\n<p>Ajoneuvon rekisterinumero<br \/>Antamasi suostumus vastaanottaa markkinointiviestint\u00e4\u00e4<br \/>Asiakassuhteen hoitamiseen liittyvi\u00e4 tietoja mm. asiakaspalautteet ja asiakaspalvelupuhelunauhoitteet<\/p>\n<p><strong>Yritysasiakkailta ker\u00e4tt\u00e4v\u00e4t tiedot:<\/strong><\/p>\n<p>Yritysasiakkaan yhteystiedot<\/p>\n<ul>\n<li>Yhteyshenkil\u00f6n nimi, puhelin ja s\u00e4hk\u00f6postiosoite<\/li>\n<\/ul>\n<p>Ajoneuvon rekisterinumero (tarvittaessa)<br \/>Asiakaspalautteet<br \/>Yrityst\u00e4 koskevat tiedot<\/p>\n<p><strong>Trafilta ker\u00e4tt\u00e4v\u00e4t tiedot:<\/strong><\/p>\n<p>Ajoneuvon merkki ja malli sek\u00e4 muut tekniset tiedot<br \/>Ajoneuvon haltijan\/omistajan nimi<br \/>Ajoneuvon haltijan\/omistajan osoite<\/p>\n<p><strong>Ev\u00e4steet<\/strong><\/p>\n<p>K\u00e4yt\u00e4mme ev\u00e4steit\u00e4 verkkosivuillamme. Ev\u00e4steet ovat lyhyit\u00e4 tekstitiedostoja, jotka verkkopalvelin tallentaa k\u00e4ytt\u00e4j\u00e4n p\u00e4\u00e4telaitteelle. Ev\u00e4steet antavat tietoa siit\u00e4, miten k\u00e4ytt\u00e4j\u00e4t k\u00e4ytt\u00e4v\u00e4t verkkosivustoamme. Saatamme hy\u00f6dynt\u00e4\u00e4 ev\u00e4steit\u00e4 palveluidemme ja verkkosivustomme kehitt\u00e4miseksi, k\u00e4yt\u00f6n analysoimiseksi sek\u00e4 markkinoinnin kohdentamiseksi ja optimoimiseksi.<\/p>\n<p>Voit est\u00e4\u00e4 ev\u00e4steiden asettamisen, rajoittaa ev\u00e4steiden k\u00e4ytt\u00f6\u00e4 tai poistaa ev\u00e4steet selaimeltasi. Koska ev\u00e4steet mahdollistavat verkkosivumme toiminnan, ev\u00e4steiden k\u00e4yt\u00f6n rajoittaminen saattaa vaikuttaa verkkosivun k\u00e4ytett\u00e4vyyteen.<\/p>\n<p><strong>Muilta sivustoilta upotettu sis\u00e4lt\u00f6<\/strong><\/p>\n<p>T\u00e4m\u00e4n sivuston artikkelit voivat sis\u00e4lt\u00e4\u00e4 upotettua sis\u00e4lt\u00f6\u00e4 (esimerkiksi videoita, kuvia, artikkeleita jne.). Toisilta sivustoilta tuodun upotetun sis\u00e4ll\u00f6n avaaminen on verrattavissa siihen, ett\u00e4 vierailija itse k\u00e4visi kolmannen osapuolen sivustolla.<\/p>\n<p>N\u00e4m\u00e4 sivustot voivat ker\u00e4t\u00e4 tietoa sinusta, k\u00e4ytt\u00e4\u00e4 ev\u00e4steit\u00e4, upottaa kolmannen osapuolen seurantaev\u00e4steit\u00e4 ja monitoroida vuorovaikutustasi upotetun sis\u00e4ll\u00f6n kanssa, mukaan lukien vuorovaikutuksen seuranta jos ja kun olet kirjautunut k\u00e4ytt\u00e4j\u00e4n\u00e4 sivustolle.<\/p>\n<p><strong>Kenelle jaamme tietosi<\/strong><\/p>\n<p>Henkil\u00f6tietojasi ei l\u00e4ht\u00f6kohtaisesti luovuteta eteenp\u00e4in. Mik\u00e4li n\u00e4in tapahtuisi, huolehdimme siit\u00e4, ett\u00e4 tietojesi k\u00e4sittely, siirto ja tallennus toteutetaan lain edellytt\u00e4min perustein ja riitt\u00e4vin suojamekanismein.<\/p>\n<p><strong>Henkil\u00f6tietojen s\u00e4ilytt\u00e4minen<\/strong><\/p>\n<p>Henkil\u00f6tietoja s\u00e4ilytet\u00e4\u00e4n niin kauan kuin se on tarpeellista niiden k\u00e4ytt\u00f6tarkoituksen tai sopimuksen ja lain vaatimusten mukaan.<\/p>\t\t\t\t\t\t<\/div>\n\t\t\t\t<\/div>\n\t\t\t\t\t<\/div>\n\t\t<\/div>\n\t\t\t\t\t\t\t<\/div>\n\t\t<\/section>\n\t\t\t\t\t\t\t<\/div>\n\t\t","protected":false},"excerpt":{"rendered":"<p>TIETOSUOJASELOSTE Tervakosken Autokorjaamon tietosuojaseloste Verkkosivustomme osoite on: https:\/\/tervakoskenautokorjaamo.fi. Mit\u00e4 henkil\u00f6tietoja Tervakosken Autokorjaamo ker\u00e4\u00e4? Henkil\u00f6tietojasi voidaan ker\u00e4t\u00e4 eri tavoin. Kuluttajia koskevat henkil\u00f6tiedot saamme kuluttajilta itselt\u00e4\u00e4n tai julkisesta rekisterist\u00e4 kuten Trafilta. Yritysasiakkaita koskevat henkil\u00f6tiedot saamme henkil\u00f6ilt\u00e4 itselt\u00e4\u00e4n. Henkil\u00f6asiakkailta ker\u00e4tt\u00e4v\u00e4t tiedot: Asiakkaan yhteystiedot Nimi, osoite, puhelinnumero ja s\u00e4hk\u00f6postiosoite Ajoneuvon rekisterinumeroAntamasi suostumus vastaanottaa markkinointiviestint\u00e4\u00e4Asiakassuhteen hoitamiseen liittyvi\u00e4 tietoja mm. asiakaspalautteet [&hellip;]<\/p>\n","protected":false},"author":1,"featured_media":0,"parent":0,"menu_order":0,"comment_status":"closed","ping_status":"closed","template":"","meta":[],"_links":{"self":[{"href":"https:\/\/tervakoskenautokorjaamo.fi\/index.php?rest_route=\/wp\/v2\/pages\/136"}],"collection":[{"href":"https:\/\/tervakoskenautokorjaamo.fi\/index.php?rest_route=\/wp\/v2\/pages"}],"about":[{"href":"https:\/\/tervakoskenautokorjaamo.fi\/index.php?rest_route=\/wp\/v2\/types\/page"}],"author":[{"embeddable":true,"href":"https:\/\/tervakoskenautokorjaamo.fi\/index.php?rest_route=\/wp\/v2\/users\/1"}],"replies":[{"embeddable":true,"href":"https:\/\/tervakoskenautokorjaamo.fi\/index.php?rest_route=%2Fwp%2Fv2%2Fcomments&post=136"}],"version-history":[{"count":15,"href":"https:\/\/tervakoskenautokorjaamo.fi\/index.php?rest_route=\/wp\/v2\/pages\/136\/revisions"}],"predecessor-version":[{"id":191,"href":"https:\/\/tervakoskenautokorjaamo.fi\/index.php?rest_route=\/wp\/v2\/pages\/136\/revisions\/191"}],"wp:attachment":[{"href":"https:\/\/tervakoskenautokorjaamo.fi\/index.php?rest_route=%2Fwp%2Fv2%2Fmedia&parent=136"}],"curies":[{"name":"wp","href":"https:\/\/api.w.org\/{rel}","templated":true}]}}