{"id":344,"date":"2022-01-18T14:30:43","date_gmt":"2022-01-18T14:30:43","guid":{"rendered":"https:\/\/tervakoskenautokorjaamo.fi\/?page_id=344"},"modified":"2022-01-21T18:35:09","modified_gmt":"2022-01-21T18:35:09","slug":"laskutus","status":"publish","type":"page","link":"https:\/\/tervakoskenautokorjaamo.fi\/?page_id=344","title":{"rendered":"Laskutus"},"content":{"rendered":"\t\t<div data-elementor-type=\"wp-page\" data-elementor-id=\"344\" class=\"elementor elementor-344\">\n\t\t\t\t\t\t\t\t\t<section class=\"elementor-section elementor-top-section elementor-element elementor-element-c142088 elementor-section-boxed elementor-section-height-default elementor-section-height-default\" data-id=\"c142088\" data-element_type=\"section\">\n\t\t\t\t\t\t<div class=\"elementor-container elementor-column-gap-default\">\n\t\t\t\t\t<div class=\"elementor-column elementor-col-100 elementor-top-column elementor-element elementor-element-c30a58f\" data-id=\"c30a58f\" data-element_type=\"column\">\n\t\t\t<div class=\"elementor-widget-wrap elementor-element-populated\">\n\t\t\t\t\t\t\t\t<div class=\"elementor-element elementor-element-6dd7a36 elementor-widget elementor-widget-heading\" data-id=\"6dd7a36\" data-element_type=\"widget\" data-widget_type=\"heading.default\">\n\t\t\t\t<div class=\"elementor-widget-container\">\n\t\t\t<h4 class=\"elementor-heading-title elementor-size-default\">S\u00c4HK\u00d6INEN LASKUTUS<\/h4>\t\t<\/div>\n\t\t\t\t<\/div>\n\t\t\t\t\t<\/div>\n\t\t<\/div>\n\t\t\t\t\t\t\t<\/div>\n\t\t<\/section>\n\t\t\t\t<section class=\"elementor-section elementor-top-section elementor-element elementor-element-4bbf675 elementor-section-boxed elementor-section-height-default elementor-section-height-default\" data-id=\"4bbf675\" data-element_type=\"section\">\n\t\t\t\t\t\t<div class=\"elementor-container elementor-column-gap-default\">\n\t\t\t\t\t<div class=\"elementor-column elementor-col-100 elementor-top-column elementor-element elementor-element-ff01403\" data-id=\"ff01403\" data-element_type=\"column\">\n\t\t\t<div class=\"elementor-widget-wrap elementor-element-populated\">\n\t\t\t\t\t\t\t\t<div class=\"elementor-element elementor-element-eca5137 elementor-widget-divider--view-line elementor-widget elementor-widget-divider\" data-id=\"eca5137\" data-element_type=\"widget\" data-widget_type=\"divider.default\">\n\t\t\t\t<div class=\"elementor-widget-container\">\n\t\t\t\t\t<div class=\"elementor-divider\">\n\t\t\t<span class=\"elementor-divider-separator\">\n\t\t\t\t\t\t<\/span>\n\t\t<\/div>\n\t\t\t\t<\/div>\n\t\t\t\t<\/div>\n\t\t\t\t\t<\/div>\n\t\t<\/div>\n\t\t\t\t\t\t\t<\/div>\n\t\t<\/section>\n\t\t\t\t<section class=\"elementor-section elementor-top-section elementor-element elementor-element-6b5b7e3 elementor-section-boxed elementor-section-height-default elementor-section-height-default\" data-id=\"6b5b7e3\" data-element_type=\"section\">\n\t\t\t\t\t\t<div class=\"elementor-container elementor-column-gap-default\">\n\t\t\t\t\t<div class=\"elementor-column elementor-col-100 elementor-top-column elementor-element elementor-element-bd6bc37\" data-id=\"bd6bc37\" data-element_type=\"column\">\n\t\t\t<div class=\"elementor-widget-wrap elementor-element-populated\">\n\t\t\t\t\t\t\t\t<div class=\"elementor-element elementor-element-26fbe11 elementor-widget elementor-widget-text-editor\" data-id=\"26fbe11\" data-element_type=\"widget\" data-widget_type=\"text-editor.default\">\n\t\t\t\t<div class=\"elementor-widget-container\">\n\t\t\t\t\t\t\t<p><strong>Verkkolaskuosoitteemme on:<\/strong><\/p><p>Ari Lehtonen Oy Tervakoski<\/p><p>y-tunnus: 2218683-8<\/p><p>verkkolaskuosoite: 003722186838<\/p><p>v\u00e4litt\u00e4j\u00e4tunnus: 003721291126<\/p><p>v\u00e4litt\u00e4j\u00e4: Maventa<\/p><p>\u00a0<\/p><p>Laskut PDF-muodossa: taklaskutus@outlook.com<\/p>\t\t\t\t\t\t<\/div>\n\t\t\t\t<\/div>\n\t\t\t\t\t<\/div>\n\t\t<\/div>\n\t\t\t\t\t\t\t<\/div>\n\t\t<\/section>\n\t\t\t\t<section class=\"elementor-section elementor-top-section elementor-element elementor-element-9badfeb elementor-section-boxed elementor-section-height-default elementor-section-height-default\" data-id=\"9badfeb\" data-element_type=\"section\">\n\t\t\t\t\t\t<div class=\"elementor-container elementor-column-gap-default\">\n\t\t\t\t\t<div class=\"elementor-column elementor-col-100 elementor-top-column elementor-element elementor-element-e8e16ca\" data-id=\"e8e16ca\" data-element_type=\"column\">\n\t\t\t<div class=\"elementor-widget-wrap elementor-element-populated\">\n\t\t\t\t\t\t\t\t<div class=\"elementor-element elementor-element-4c8e56e elementor-widget elementor-widget-spacer\" data-id=\"4c8e56e\" data-element_type=\"widget\" data-widget_type=\"spacer.default\">\n\t\t\t\t<div class=\"elementor-widget-container\">\n\t\t\t\t\t<div class=\"elementor-spacer\">\n\t\t\t<div class=\"elementor-spacer-inner\"><\/div>\n\t\t<\/div>\n\t\t\t\t<\/div>\n\t\t\t\t<\/div>\n\t\t\t\t\t<\/div>\n\t\t<\/div>\n\t\t\t\t\t\t\t<\/div>\n\t\t<\/section>\n\t\t\t\t\t\t\t<\/div>\n\t\t","protected":false},"excerpt":{"rendered":"<p>S\u00c4HK\u00d6INEN LASKUTUS Verkkolaskuosoitteemme on: Ari Lehtonen Oy Tervakoski y-tunnus: 2218683-8 verkkolaskuosoite: 003722186838 v\u00e4litt\u00e4j\u00e4tunnus: 003721291126 v\u00e4litt\u00e4j\u00e4: Maventa \u00a0 Laskut PDF-muodossa: taklaskutus@outlook.com<\/p>\n","protected":false},"author":1,"featured_media":0,"parent":0,"menu_order":0,"comment_status":"closed","ping_status":"closed","template":"","meta":[],"_links":{"self":[{"href":"https:\/\/tervakoskenautokorjaamo.fi\/index.php?rest_route=\/wp\/v2\/pages\/344"}],"collection":[{"href":"https:\/\/tervakoskenautokorjaamo.fi\/index.php?rest_route=\/wp\/v2\/pages"}],"about":[{"href":"https:\/\/tervakoskenautokorjaamo.fi\/index.php?rest_route=\/wp\/v2\/types\/page"}],"author":[{"embeddable":true,"href":"https:\/\/tervakoskenautokorjaamo.fi\/index.php?rest_route=\/wp\/v2\/users\/1"}],"replies":[{"embeddable":true,"href":"https:\/\/tervakoskenautokorjaamo.fi\/index.php?rest_route=%2Fwp%2Fv2%2Fcomments&post=344"}],"version-history":[{"count":15,"href":"https:\/\/tervakoskenautokorjaamo.fi\/index.php?rest_route=\/wp\/v2\/pages\/344\/revisions"}],"predecessor-version":[{"id":369,"href":"https:\/\/tervakoskenautokorjaamo.fi\/index.php?rest_route=\/wp\/v2\/pages\/344\/revisions\/369"}],"wp:attachment":[{"href":"https:\/\/tervakoskenautokorjaamo.fi\/index.php?rest_route=%2Fwp%2Fv2%2Fmedia&parent=344"}],"curies":[{"name":"wp","href":"https:\/\/api.w.org\/{rel}","templated":true}]}}